{"id":8,"date":"2020-08-18T16:19:47","date_gmt":"2020-08-18T16:19:47","guid":{"rendered":"http:\/\/htmdesign.com.tr\/?page_id=8"},"modified":"2025-02-07T13:22:16","modified_gmt":"2025-02-07T10:22:16","slug":"bize-ulasin","status":"publish","type":"page","link":"https:\/\/htmdesign.com.tr\/?page_id=8","title":{"rendered":"Bize ula\u015f\u0131n"},"content":{"rendered":"\n<div class=\"wp-block-group\"><div class=\"wp-block-group__inner-container is-layout-constrained wp-block-group-is-layout-constrained\">\n<address>\n\n\n\n<p class=\"has-black-color has-text-color\" style=\"font-size:24px\"><strong>ADRES<\/strong>:<\/p>\n\n\n\n<p><strong>HTM Tasar\u0131m Makine Sanayi ve Ticaret A. \u015e.<\/strong><\/p>\n\n\n\n<p>1 Nisan 2024 tarihi itibar\u0131yla Teknopark Ankara yerle\u015fkesindeki adresimizde faaliyetlerimize devam ediyoruz.<\/p>\n\n\n\n<p><strong>Merkez Ofis<\/strong> &#8211; TEKNOPARK Ankara \u0130vedik OSB Mah. 2224. Cad. No: 1 F Blok Z14 Yenimahalle\/ANKARA<\/p>\n\n\n\n<p>E-posta: <a href=\"mailto:info@htmdesign.com.tr\">info@htmdesign.com.tr<\/a><\/p>\n\n\n\n<p>Tel: <a href=\"tel:903129221486\">+90 312 922 1 486<\/a><\/p>\n\n\n\n<ul class=\"wp-block-social-links has-visible-labels is-layout-flex wp-block-social-links-is-layout-flex\"><li class=\"wp-social-link wp-social-link-linkedin  address-linked-in wp-block-social-link\"><a rel=\"noopener nofollow\" target=\"_blank\" href=\"https:\/\/www.linkedin.com\/company\/htm-design-inc\" class=\"wp-block-social-link-anchor\"><svg width=\"24\" height=\"24\" viewBox=\"0 0 24 24\" version=\"1.1\" xmlns=\"http:\/\/www.w3.org\/2000\/svg\" aria-hidden=\"true\" focusable=\"false\"><path d=\"M19.7,3H4.3C3.582,3,3,3.582,3,4.3v15.4C3,20.418,3.582,21,4.3,21h15.4c0.718,0,1.3-0.582,1.3-1.3V4.3 C21,3.582,20.418,3,19.7,3z M8.339,18.338H5.667v-8.59h2.672V18.338z M7.004,8.574c-0.857,0-1.549-0.694-1.549-1.548 c0-0.855,0.691-1.548,1.549-1.548c0.854,0,1.547,0.694,1.547,1.548C8.551,7.881,7.858,8.574,7.004,8.574z M18.339,18.338h-2.669 v-4.177c0-0.996-0.017-2.278-1.387-2.278c-1.389,0-1.601,1.086-1.601,2.206v4.249h-2.667v-8.59h2.559v1.174h0.037 c0.356-0.675,1.227-1.387,2.526-1.387c2.703,0,3.203,1.779,3.203,4.092V18.338z\"><\/path><\/svg><span class=\"wp-block-social-link-label\">LinkedIn<\/span><\/a><\/li><\/ul>\n\n\n\n<\/address>\n<\/div><\/div>\n\n\n\n<div class=\"wp-block-group contact-map\"><div class=\"wp-block-group__inner-container is-layout-constrained wp-block-group-is-layout-constrained\">\n<iframe src=\"https:\/\/www.google.com\/maps\/embed?pb=!1m18!1m12!1m3!1d191.03390313525443!2d32.7518543728157!3d39.99632930982823!2m3!1f0!2f0!3f0!3m2!1i1024!2i768!4f13.1!3m3!1m2!1s0x14d3498fb8d40081%3A0xe06be00bc49c9707!2sHTM%20Tasar%C4%B1m%20Makine%20Sanayi%20ve%20Ticaret%20A.%C5%9E.!5e0!3m2!1str!2str!4v1737804071650!5m2!1str!2str\" width=\"600\" height=\"450\" style=\"border:0;\" allowfullscreen=\"\" loading=\"lazy\" referrerpolicy=\"no-referrer-when-downgrade\"><\/iframe>\n<\/div><\/div>\n","protected":false},"excerpt":{"rendered":"<p>ADRES: HTM Tasar\u0131m Makine Sanayi ve Ticaret A. \u015e. 1 Nisan 2024 tarihi itibar\u0131yla Teknopark Ankara yerle\u015fkesindeki adresimizde faaliyetlerimize devam ediyoruz. Merkez Ofis &#8211; TEKNOPARK Ankara \u0130vedik OSB Mah. 2224. Cad. No: 1 F Blok Z14 Yenimahalle\/ANKARA E-posta: info@htmdesign.com.tr Tel: +90 312 922 1 486<\/p>\n","protected":false},"author":1,"featured_media":0,"parent":0,"menu_order":0,"comment_status":"closed","ping_status":"closed","template":"","meta":{"footnotes":""},"class_list":["post-8","page","type-page","status-publish","hentry"],"_links":{"self":[{"href":"https:\/\/htmdesign.com.tr\/index.php?rest_route=\/wp\/v2\/pages\/8","targetHints":{"allow":["GET"]}}],"collection":[{"href":"https:\/\/htmdesign.com.tr\/index.php?rest_route=\/wp\/v2\/pages"}],"about":[{"href":"https:\/\/htmdesign.com.tr\/index.php?rest_route=\/wp\/v2\/types\/page"}],"author":[{"embeddable":true,"href":"https:\/\/htmdesign.com.tr\/index.php?rest_route=\/wp\/v2\/users\/1"}],"replies":[{"embeddable":true,"href":"https:\/\/htmdesign.com.tr\/index.php?rest_route=%2Fwp%2Fv2%2Fcomments&post=8"}],"version-history":[{"count":19,"href":"https:\/\/htmdesign.com.tr\/index.php?rest_route=\/wp\/v2\/pages\/8\/revisions"}],"predecessor-version":[{"id":594,"href":"https:\/\/htmdesign.com.tr\/index.php?rest_route=\/wp\/v2\/pages\/8\/revisions\/594"}],"wp:attachment":[{"href":"https:\/\/htmdesign.com.tr\/index.php?rest_route=%2Fwp%2Fv2%2Fmedia&parent=8"}],"curies":[{"name":"wp","href":"https:\/\/api.w.org\/{rel}","templated":true}]}}