{"id":7,"date":"2020-08-18T16:19:47","date_gmt":"2020-08-18T16:19:47","guid":{"rendered":"http:\/\/htmdesign.com.tr\/?page_id=7"},"modified":"2025-08-01T10:01:57","modified_gmt":"2025-08-01T07:01:57","slug":"hakkimizda","status":"publish","type":"page","link":"https:\/\/htmdesign.com.tr\/","title":{"rendered":"Hakk\u0131m\u0131zda"},"content":{"rendered":"<div class=\"n2-section-smartslider fitvidsignore  n2_clear\" data-ssid=\"2\"><div id=\"n2-ss-2-align\" class=\"n2-ss-align\"><div class=\"n2-padding\"><div id=\"n2-ss-2\" data-creator=\"Smart Slider 3\" data-responsive=\"auto\" class=\"n2-ss-slider n2-ow n2-has-hover n2notransition  \">\n\n\n\n\n\n<div class=\"n2-ss-slider-wrapper-inside\">\n        <div class=\"n2-ss-slider-1 n2_ss__touch_element n2-ow\">\n            <div class=\"n2-ss-slider-2 n2-ow\">\n                                                <div class=\"n2-ss-slider-3 n2-ow\">\n\n                    <div class=\"n2-ss-slide-backgrounds n2-ow-all\"><div class=\"n2-ss-slide-background\" data-public-id=\"1\" data-mode=\"fill\"><div class=\"n2-ss-slide-background-image\" data-blur=\"0\" data-opacity=\"100\" data-x=\"50\" data-y=\"50\" data-alt=\"\" data-title=\"\"><picture class=\"skip-lazy\" data-skip-lazy=\"1\"><img decoding=\"async\" src=\"\/\/htmdesign.com.tr\/wp-content\/uploads\/2020\/08\/engineering-wallaper-09.jpg\" alt=\"\" title=\"\" loading=\"lazy\" class=\"skip-lazy\" data-skip-lazy=\"1\"><\/picture><\/div><div data-color=\"RGBA(255,255,255,0)\" style=\"background-color: RGBA(255,255,255,0);\" class=\"n2-ss-slide-background-color\" data-overlay=\"1\"><\/div><\/div><div class=\"n2-ss-slide-background\" data-public-id=\"2\" data-mode=\"fill\" aria-hidden=\"true\"><div class=\"n2-ss-slide-background-image\" data-blur=\"0\" data-opacity=\"100\" data-x=\"50\" data-y=\"50\" data-alt=\"\" data-title=\"\"><picture class=\"skip-lazy\" data-skip-lazy=\"1\"><img decoding=\"async\" src=\"\/\/htmdesign.com.tr\/wp-content\/uploads\/2020\/08\/gear-mechanical-wallpaper.jpg\" alt=\"\" title=\"\" loading=\"lazy\" class=\"skip-lazy\" data-skip-lazy=\"1\"><\/picture><\/div><div data-color=\"RGBA(0,0,0,0.29)\" style=\"background-color: RGBA(0,0,0,0.29);\" class=\"n2-ss-slide-background-color\" data-overlay=\"1\"><\/div><\/div><div class=\"n2-ss-slide-background\" data-public-id=\"3\" data-mode=\"fill\" aria-hidden=\"true\"><div class=\"n2-ss-slide-background-image\" data-blur=\"0\" data-opacity=\"100\" data-x=\"50\" data-y=\"50\" data-alt=\"\" data-title=\"\"><picture class=\"skip-lazy\" data-skip-lazy=\"1\"><img decoding=\"async\" src=\"\/\/htmdesign.com.tr\/wp-content\/uploads\/2020\/08\/mechanical-engineer-wallpaper.jpg\" alt=\"\" title=\"\" loading=\"lazy\" class=\"skip-lazy\" data-skip-lazy=\"1\"><\/picture><\/div><div data-color=\"RGBA(0,0,0,0.29)\" style=\"background-color: RGBA(0,0,0,0.29);\" class=\"n2-ss-slide-background-color\" data-overlay=\"1\"><\/div><\/div><\/div>                    <div class=\"n2-ss-slider-4 n2-ow\">\n                        <svg xmlns=\"http:\/\/www.w3.org\/2000\/svg\" viewBox=\"0 0 1170 350\" data-related-device=\"desktopPortrait\" class=\"n2-ow n2-ss-preserve-size n2-ss-preserve-size--slider n2-ss-slide-limiter\"><\/svg><div data-first=\"1\" data-slide-duration=\"0\" data-id=\"3\" data-slide-public-id=\"1\" data-title=\"engineering-wallaper-09\" class=\"n2-ss-slide n2-ow  n2-ss-slide-3\"><div role=\"note\" class=\"n2-ss-slide--focus\" tabindex=\"-1\">engineering-wallaper-09<\/div><div class=\"n2-ss-layers-container n2-ss-slide-limiter n2-ow\"><div class=\"n2-ss-layer n2-ow n-uc-1dEomcHliGYl\" data-sstype=\"slide\" data-pm=\"default\"><div class=\"n2-ss-layer n2-ow n-uc-11kCBld6kzpA\" data-pm=\"default\" data-sstype=\"content\" data-hasbackground=\"0\"><div class=\"n2-ss-section-main-content n2-ss-layer-with-background n2-ss-layer-content n2-ow n-uc-11kCBld6kzpA-inner\"><div class=\"n2-ss-layer n2-ow n-uc-iYgVxbddSeUb\" data-pm=\"normal\" data-sstype=\"layer\"><div id=\"n2-ss-2item1\" class=\"n2-font-05a0b9bfe55dab56b8554d7344be46c5-hover   n2-ss-item-content n2-ss-text n2-ow\" style=\"display:block;\">Hava Ara\u00e7lar\u0131 i\u00e7in Yeni Teknolojiler<\/div><\/div><div class=\"n2-ss-layer n2-ow n-uc-B37dSqRxVchY\" data-pm=\"normal\" data-sstype=\"layer\"><div class=\"n2-ss-item-content n2-ss-text n2-ow-all\"><div data-hide-desktoplandscape=\"1\" data-hide-desktopportrait=\"1\" data-hide-tabletlandscape=\"1\" data-hide-tabletportrait=\"1\"><\/div><div class=\"\" data-hide-mobilelandscape=\"1\" data-hide-mobileportrait=\"1\"><p class=\"n2-font-adbd352837cf49ed867b84a61a290f94-paragraph   \">Hava Ara\u00e7lar\u0131 i\u00e7in kokpit ve g\u00f6vde sistemleri geli\u015ftirilmektedir.<\/p>\n<\/div><\/div><\/div><\/div><\/div><\/div><\/div><\/div><div data-slide-duration=\"0\" data-id=\"6\" data-slide-public-id=\"2\" aria-hidden=\"true\" data-title=\"engineering-wallaper-09\" class=\"n2-ss-slide n2-ow  n2-ss-slide-6\"><div role=\"note\" class=\"n2-ss-slide--focus\" tabindex=\"-1\">engineering-wallaper-09<\/div><div class=\"n2-ss-layers-container n2-ss-slide-limiter n2-ow\"><div class=\"n2-ss-layer n2-ow n-uc-JOkxUoihWInc\" data-sstype=\"slide\" data-pm=\"default\"><div class=\"n2-ss-layer n2-ow n-uc-mOkeXzJpHpJb\" data-pm=\"default\" data-sstype=\"content\" data-hasbackground=\"0\"><div class=\"n2-ss-section-main-content n2-ss-layer-with-background n2-ss-layer-content n2-ow n-uc-mOkeXzJpHpJb-inner\"><div class=\"n2-ss-layer n2-ow n-uc-KHKPmbYSMPAz\" data-pm=\"normal\" data-sstype=\"layer\"><div id=\"n2-ss-2item3\" class=\"n2-font-05a0b9bfe55dab56b8554d7344be46c5-hover   n2-ss-item-content n2-ss-text n2-ow\" style=\"display:block;\">\u00d6zel Test Sistemleri<\/div><\/div><div class=\"n2-ss-layer n2-ow n-uc-L0G3vRKo8xvb\" data-pm=\"normal\" data-sstype=\"layer\"><div class=\"n2-ss-item-content n2-ss-text n2-ow-all\"><div data-hide-desktoplandscape=\"1\" data-hide-desktopportrait=\"1\" data-hide-tabletlandscape=\"1\" data-hide-tabletportrait=\"1\"><\/div><div class=\"\" data-hide-mobilelandscape=\"1\" data-hide-mobileportrait=\"1\"><p class=\"n2-font-adbd352837cf49ed867b84a61a290f94-paragraph   \">Havac\u0131l\u0131k ve Savunma Sanayinde kullan\u0131lan ekipmanlar\u0131n kalifikasyonu i\u00e7in ve \u00f6zel sistem tasar\u0131mlar\u0131 i\u00e7in test sistemleri geli\u015ftirilmektedir.<\/p>\n<\/div><\/div><\/div><\/div><\/div><\/div><\/div><\/div><div data-slide-duration=\"0\" data-id=\"7\" data-slide-public-id=\"3\" aria-hidden=\"true\" data-title=\"engineering-wallaper-09\" class=\"n2-ss-slide n2-ow  n2-ss-slide-7\"><div role=\"note\" class=\"n2-ss-slide--focus\" tabindex=\"-1\">engineering-wallaper-09<\/div><div class=\"n2-ss-layers-container n2-ss-slide-limiter n2-ow\"><div class=\"n2-ss-layer n2-ow n-uc-VuBOtkJ6BwdN\" data-sstype=\"slide\" data-pm=\"default\"><div class=\"n2-ss-layer n2-ow n-uc-Uu8mJH2RPMmV\" data-pm=\"default\" data-sstype=\"content\" data-hasbackground=\"0\"><div class=\"n2-ss-section-main-content n2-ss-layer-with-background n2-ss-layer-content n2-ow n-uc-Uu8mJH2RPMmV-inner\"><div class=\"n2-ss-layer n2-ow n-uc-pnLKWm0Uqs0b\" data-pm=\"normal\" data-sstype=\"layer\"><div id=\"n2-ss-2item5\" class=\"n2-font-05a0b9bfe55dab56b8554d7344be46c5-hover   n2-ss-item-content n2-ss-text n2-ow\" style=\"display:block;\">Pilot Ya\u015fam Destek Sistemleri<\/div><\/div><div class=\"n2-ss-layer n2-ow n-uc-NLtank0bzHXc\" data-pm=\"normal\" data-sstype=\"layer\"><div class=\"n2-ss-item-content n2-ss-text n2-ow-all\"><div data-hide-desktoplandscape=\"1\" data-hide-desktopportrait=\"1\" data-hide-tabletlandscape=\"1\" data-hide-tabletportrait=\"1\"><\/div><div class=\"\" data-hide-mobilelandscape=\"1\" data-hide-mobileportrait=\"1\"><p class=\"n2-font-adbd352837cf49ed867b84a61a290f94-paragraph   \">Hava arac\u0131n\u0131n zorlay\u0131c\u0131 ko\u015fullar\u0131nda g\u00f6rev yapan pilotlar i\u00e7in giyilebilir teknolojiler geli\u015ftirilmektedir.<\/p>\n<\/div><\/div><\/div><\/div><\/div><\/div><\/div><\/div>                    <\/div>\n\n                                    <\/div>\n            <\/div>\n        <\/div>\n        <div class=\"n2-ss-slider-controls n2-ss-slider-controls-absolute-left-center\"><div style=\"--widget-offset:15px;\" class=\"n2-ss-widget nextend-arrow n2-ow-all nextend-arrow-previous  nextend-arrow-animated-fade\" data-hide-mobileportrait=\"1\" id=\"n2-ss-2-arrow-previous\" role=\"button\" aria-label=\"previous arrow\" tabindex=\"0\"><img loading=\"lazy\" decoding=\"async\" width=\"32\" height=\"32\" class=\"skip-lazy\" data-skip-lazy=\"1\" src=\"data:image\/svg+xml;base64,PHN2ZyB3aWR0aD0iMzIiIGhlaWdodD0iMzIiIHZpZXdCb3g9IjAgMCAzMiAzMiIgeG1sbnM9Imh0dHA6Ly93d3cudzMub3JnLzIwMDAvc3ZnIj4KICAgIDxwYXRoIGQ9Ik0xMS40MzMgMTUuOTkyTDIyLjY5IDUuNzEyYy4zOTMtLjM5LjM5My0xLjAzIDAtMS40Mi0uMzkzLS4zOS0xLjAzLS4zOS0xLjQyMyAwbC0xMS45OCAxMC45NGMtLjIxLjIxLS4zLjQ5LS4yODUuNzYtLjAxNS4yOC4wNzUuNTYuMjg0Ljc3bDExLjk4IDEwLjk0Yy4zOTMuMzkgMS4wMy4zOSAxLjQyNCAwIC4zOTMtLjQuMzkzLTEuMDMgMC0xLjQybC0xMS4yNTctMTAuMjkiCiAgICAgICAgICBmaWxsPSIjZmZmZmZmIiBvcGFjaXR5PSIwLjgiIGZpbGwtcnVsZT0iZXZlbm9kZCIvPgo8L3N2Zz4=\" alt=\"previous arrow\"><\/div><\/div><div class=\"n2-ss-slider-controls n2-ss-slider-controls-absolute-right-center\"><div style=\"--widget-offset:15px;\" class=\"n2-ss-widget nextend-arrow n2-ow-all nextend-arrow-next  nextend-arrow-animated-fade\" data-hide-mobileportrait=\"1\" id=\"n2-ss-2-arrow-next\" role=\"button\" aria-label=\"next arrow\" tabindex=\"0\"><img loading=\"lazy\" decoding=\"async\" width=\"32\" height=\"32\" class=\"skip-lazy\" data-skip-lazy=\"1\" src=\"data:image\/svg+xml;base64,PHN2ZyB3aWR0aD0iMzIiIGhlaWdodD0iMzIiIHZpZXdCb3g9IjAgMCAzMiAzMiIgeG1sbnM9Imh0dHA6Ly93d3cudzMub3JnLzIwMDAvc3ZnIj4KICAgIDxwYXRoIGQ9Ik0xMC43MjIgNC4yOTNjLS4zOTQtLjM5LTEuMDMyLS4zOS0xLjQyNyAwLS4zOTMuMzktLjM5MyAxLjAzIDAgMS40MmwxMS4yODMgMTAuMjgtMTEuMjgzIDEwLjI5Yy0uMzkzLjM5LS4zOTMgMS4wMiAwIDEuNDIuMzk1LjM5IDEuMDMzLjM5IDEuNDI3IDBsMTIuMDA3LTEwLjk0Yy4yMS0uMjEuMy0uNDkuMjg0LS43Ny4wMTQtLjI3LS4wNzYtLjU1LS4yODYtLjc2TDEwLjcyIDQuMjkzeiIKICAgICAgICAgIGZpbGw9IiNmZmZmZmYiIG9wYWNpdHk9IjAuOCIgZmlsbC1ydWxlPSJldmVub2RkIi8+Cjwvc3ZnPg==\" alt=\"next arrow\"><\/div><\/div><div class=\"n2-ss-slider-controls n2-ss-slider-controls-absolute-center-bottom\"><div style=\"--widget-offset:10px;\" class=\"n2-ss-widget n2-ss-control-bullet n2-ow-all n2-ss-control-bullet-horizontal\"><div class=\"n2-style-89e6829493f6425211df0e3f6998e151-simple  nextend-bullet-bar n2-bar-justify-content-center\" role=\"group\" aria-label=\"Choose slide to display.\"><div class=\"n2-bullet n2-style-785355f374be86c332d4665aae819858-dot \" style=\"visibility:hidden;\"><\/div><\/div><\/div><\/div><\/div><\/div><ss3-loader><\/ss3-loader><\/div><\/div><div class=\"n2_clear\"><\/div><\/div>\n\n\n<div style=\"height:50px\" aria-hidden=\"true\" class=\"wp-block-spacer\"><\/div>\n\n\n\n<h2 class=\"wp-block-heading has-text-align-center has-black-color has-text-color has-medium-font-size\"><strong>Hakk\u0131m\u0131zda<\/strong><\/h2>\n\n\n\n<p class=\"text-justify-custom has-medium-font-size\">HTM Tasar\u0131m, savunma, havac\u0131l\u0131k ve denizcilik projelerinde ihtiya\u00e7 duyulan m\u00fchendislik hizmetlerini vermek \u00fczere 25 y\u0131l\u0131 a\u015fk\u0131n tecr\u00fcbeyle 21 Temmuz 2020 tarihinde Ankara\u2019da kurulmu\u015ftur. G\u00fc\u00e7l\u00fc akademik altyap\u0131ya sahip personeli ile \u00f6zel tasar\u0131m gerektiren sistemler i\u00e7in tasar\u0131m, \u00fcretim ve test hizmetleri sunmaktad\u0131r.<\/p>\n\n\n\n<div style=\"height:20px\" aria-hidden=\"true\" class=\"wp-block-spacer\"><\/div>\n\n\n\n<figure class=\"wp-block-video\"><video autoplay controls loop src=\"http:\/\/htmdesign.com.tr\/wp-content\/uploads\/2025\/08\/HTM_LOGOLU-1.mp4\"><\/video><\/figure>\n\n\n\n<div style=\"height:50px\" aria-hidden=\"true\" class=\"wp-block-spacer\"><\/div>\n\n\n\n<h2 class=\"wp-block-heading has-text-align-center has-medium-font-size\"><strong>Vizyon<\/strong><\/h2>\n\n\n\n<p class=\"text-justify-custom has-medium-font-size\">Kurulu\u015f amac\u0131 olan de\u011fer yaratman\u0131n gereklerini yerine getirerek; s\u00fcrd\u00fcr\u00fclebilir b\u00fcy\u00fcmeyi sa\u011flayan, yenilik\u00e7i ve b\u00fct\u00fcnle\u015fik sistem yakla\u015f\u0131m\u0131 ile tercih edilen, g\u00fcven duyulan, \u00e7evreye ve insana duyarl\u0131 bir teknoloji firmas\u0131 olmak.<\/p>\n\n\n\n<div style=\"height:40px\" aria-hidden=\"true\" class=\"wp-block-spacer\"><\/div>\n\n\n\n<h2 class=\"wp-block-heading has-text-align-center has-medium-font-size\"><strong>Misyon<\/strong> <\/h2>\n\n\n\n<p class=\"text-justify-custom has-medium-font-size\">Havac\u0131l\u0131k ve Savunma Sanayii alan\u0131nda; yurt i\u00e7indeki m\u00fc\u015fteriler ba\u015fta olmak \u00fczere global m\u00fc\u015fterilere katma de\u011feri y\u00fcksek, yenilik\u00e7i ve g\u00fcvenilir \u00fcr\u00fcn ve \u00e7\u00f6z\u00fcmler sunmak ve T\u00fcrkiye\u2019nin teknolojik alanda d\u0131\u015fa ba\u011f\u0131ml\u0131l\u0131\u011f\u0131n\u0131 azalt\u0131rken, marka bilinirli\u011fini art\u0131ran bir \u015firket olmak.<\/p>\n\n\n<div class=\"wp-block-image is-resized\">\n<figure class=\"aligncenter size-full\"><img loading=\"lazy\" decoding=\"async\" src=\"http:\/\/htmdesign.com.tr\/wp-content\/uploads\/2024\/07\/logo_212D94.jpg\" alt=\"\" class=\"wp-image-512\" width=\"159\" height=\"158\" srcset=\"https:\/\/htmdesign.com.tr\/wp-content\/uploads\/2024\/07\/logo_212D94.jpg 634w, https:\/\/htmdesign.com.tr\/wp-content\/uploads\/2024\/07\/logo_212D94-300x300.jpg 300w, https:\/\/htmdesign.com.tr\/wp-content\/uploads\/2024\/07\/logo_212D94-150x150.jpg 150w, https:\/\/htmdesign.com.tr\/wp-content\/uploads\/2024\/07\/logo_212D94-120x120.jpg 120w, https:\/\/htmdesign.com.tr\/wp-content\/uploads\/2024\/07\/logo_212D94-105x105.jpg 105w, https:\/\/htmdesign.com.tr\/wp-content\/uploads\/2024\/07\/logo_212D94-570x570.jpg 570w, https:\/\/htmdesign.com.tr\/wp-content\/uploads\/2024\/07\/logo_212D94-380x380.jpg 380w, https:\/\/htmdesign.com.tr\/wp-content\/uploads\/2024\/07\/logo_212D94-285x285.jpg 285w\" sizes=\"auto, (max-width: 159px) 100vw, 159px\" \/><\/figure><\/div>\n\n\n<div style=\"height:40px\" aria-hidden=\"true\" class=\"wp-block-spacer\"><\/div>\n\n\n\n<h2 class=\"wp-block-heading has-text-align-center has-medium-font-size\"><strong>Kalite Politikas\u0131<\/strong><\/h2>\n\n\n\n<ul class=\"wp-block-list\">\n<li class=\"text-justify-custom has-medium-font-size\">S\u00fcre\u00e7 odakl\u0131 bak\u0131\u015f a\u00e7\u0131s\u0131 ile AS9100 RevD (EN9100:2018) Kalite Y\u00f6netim Sistemi \u015fartlar\u0131na ve uluslararas\u0131 standartlara uygun olarak m\u00fc\u015fteri gerekliliklerini ve isteklerini kar\u015f\u0131layan sistem \u00e7\u00f6z\u00fcmleri \u00fcreterek ulusal ve uluslararas\u0131 pazarda tercih edilen bir firma olmak,<\/li>\n<\/ul>\n\n\n\n<ul class=\"wp-block-list\">\n<li class=\"text-justify-custom has-medium-font-size\">\u00c7al\u0131\u015fanlar\u0131na huzurlu bir \u00e7al\u0131\u015fma ortam\u0131 sa\u011flayarak m\u00fc\u015fteri ve \u00e7al\u0131\u015fanlar\u0131n\u0131n beklentilerini s\u00fcrekli iyile\u015ftirmelerle kar\u015f\u0131lamak,<\/li>\n<\/ul>\n\n\n\n<ul class=\"wp-block-list\">\n<li class=\"text-justify-custom has-medium-font-size\">M\u00fc\u015fteri memnuniyeti ve s\u00fcre\u00e7 verimlili\u011finin art\u0131r\u0131lmas\u0131na y\u00f6nelik \u00e7al\u0131\u015fmalar yapmak,<\/li>\n<\/ul>\n\n\n\n<ul class=\"wp-block-list\">\n<li class=\"text-justify-custom has-medium-font-size\">Etik de\u011ferlere ba\u011fl\u0131 olmak Kalite Politikas\u0131 olarak belirlenmi\u015ftir.<\/li>\n<\/ul>\n\n\n\n<div style=\"height:40px\" aria-hidden=\"true\" class=\"wp-block-spacer\"><\/div>\n\n\n\n<h2 class=\"wp-block-heading has-text-align-center has-medium-font-size\"><strong>Sertifikalar<\/strong><\/h2>\n\n\n\n<ul class=\"wp-block-list\">\n<li class=\"has-medium-font-size\"><a href=\"http:\/\/htmdesign.com.tr\/wp-content\/uploads\/2025\/02\/FM-812658.pdf\" data-type=\"URL\" data-id=\"http:\/\/htmdesign.com.tr\/wp-content\/uploads\/2025\/02\/FM-812658.pdf\" target=\"_blank\" rel=\"noreferrer noopener\">AS9100<\/a><\/li>\n\n\n\n<li class=\"has-medium-font-size\">Tesis G\u00fcvenlik Belgesi<\/li>\n<\/ul>\n\n\n\n<figure class=\"wp-block-video\"><\/figure>\n\n\n\n<figure class=\"wp-block-video\"><\/figure>\n\n\n\n<figure class=\"wp-block-video\"><\/figure>\n","protected":false},"excerpt":{"rendered":"<p>Hakk\u0131m\u0131zda HTM Tasar\u0131m, savunma, havac\u0131l\u0131k ve denizcilik projelerinde ihtiya\u00e7 duyulan m\u00fchendislik hizmetlerini vermek \u00fczere 25 y\u0131l\u0131 a\u015fk\u0131n tecr\u00fcbeyle 21 Temmuz 2020 tarihinde Ankara\u2019da kurulmu\u015ftur. G\u00fc\u00e7l\u00fc akademik altyap\u0131ya sahip personeli ile \u00f6zel tasar\u0131m gerektiren sistemler i\u00e7in tasar\u0131m, \u00fcretim ve test hizmetleri sunmaktad\u0131r. Vizyon Kurulu\u015f amac\u0131 olan de\u011fer yaratman\u0131n gereklerini yerine getirerek; s\u00fcrd\u00fcr\u00fclebilir b\u00fcy\u00fcmeyi sa\u011flayan, yenilik\u00e7i ve<\/p>\n<p class=\"more-link\"><a href=\"https:\/\/htmdesign.com.tr\/\" class=\"themebutton\">Read More<\/a><\/p>\n","protected":false},"author":1,"featured_media":437,"parent":0,"menu_order":0,"comment_status":"closed","ping_status":"closed","template":"","meta":{"footnotes":""},"class_list":["post-7","page","type-page","status-publish","has-post-thumbnail","hentry"],"_links":{"self":[{"href":"https:\/\/htmdesign.com.tr\/index.php?rest_route=\/wp\/v2\/pages\/7","targetHints":{"allow":["GET"]}}],"collection":[{"href":"https:\/\/htmdesign.com.tr\/index.php?rest_route=\/wp\/v2\/pages"}],"about":[{"href":"https:\/\/htmdesign.com.tr\/index.php?rest_route=\/wp\/v2\/types\/page"}],"author":[{"embeddable":true,"href":"https:\/\/htmdesign.com.tr\/index.php?rest_route=\/wp\/v2\/users\/1"}],"replies":[{"embeddable":true,"href":"https:\/\/htmdesign.com.tr\/index.php?rest_route=%2Fwp%2Fv2%2Fcomments&post=7"}],"version-history":[{"count":24,"href":"https:\/\/htmdesign.com.tr\/index.php?rest_route=\/wp\/v2\/pages\/7\/revisions"}],"predecessor-version":[{"id":644,"href":"https:\/\/htmdesign.com.tr\/index.php?rest_route=\/wp\/v2\/pages\/7\/revisions\/644"}],"wp:featuredmedia":[{"embeddable":true,"href":"https:\/\/htmdesign.com.tr\/index.php?rest_route=\/wp\/v2\/media\/437"}],"wp:attachment":[{"href":"https:\/\/htmdesign.com.tr\/index.php?rest_route=%2Fwp%2Fv2%2Fmedia&parent=7"}],"curies":[{"name":"wp","href":"https:\/\/api.w.org\/{rel}","templated":true}]}}