{"id":587,"date":"2025-02-07T13:27:37","date_gmt":"2025-02-07T10:27:37","guid":{"rendered":"http:\/\/htmdesign.com.tr\/?page_id=587"},"modified":"2025-02-07T13:27:37","modified_gmt":"2025-02-07T10:27:37","slug":"yeteneklerimiz","status":"publish","type":"page","link":"https:\/\/htmdesign.com.tr\/?page_id=587","title":{"rendered":"Yeteneklerimiz"},"content":{"rendered":"\n<div style=\"height:30px\" aria-hidden=\"true\" class=\"wp-block-spacer\"><\/div>\n\n\n\n<h2 class=\"wp-block-heading has-text-align-center\">ALTYAPI<\/h2>\n\n\n\n<div style=\"height:34px\" aria-hidden=\"true\" class=\"wp-block-spacer\"><\/div>\n\n\n\n<div class=\"wp-block-columns is-layout-flex wp-container-core-columns-is-layout-9d6595d7 wp-block-columns-is-layout-flex\">\n<div class=\"wp-block-column is-layout-flow wp-block-column-is-layout-flow\">\n<div class=\"wp-block-group product-card\"><div class=\"wp-block-group__inner-container is-layout-constrained wp-block-group-is-layout-constrained\">\n<h3 class=\"wp-block-heading\"><strong><strong>G-SANTR\u0130F\u00dcJ<\/strong><\/strong><\/h3>\n\n\n\n<div class=\"wp-block-group product-card-content\"><div class=\"wp-block-group__inner-container is-layout-constrained wp-block-group-is-layout-constrained\">\n<figure class=\"wp-block-image size-full\"><img loading=\"lazy\" decoding=\"async\" width=\"295\" height=\"221\" src=\"http:\/\/htmdesign.com.tr\/wp-content\/uploads\/2025\/02\/resim-11.png\" alt=\"\" class=\"wp-image-557\" srcset=\"https:\/\/htmdesign.com.tr\/wp-content\/uploads\/2025\/02\/resim-11.png 295w, https:\/\/htmdesign.com.tr\/wp-content\/uploads\/2025\/02\/resim-11-285x214.png 285w\" sizes=\"auto, (max-width: 295px) 100vw, 295px\" \/><\/figure>\n\n\n\n<ul class=\"wp-block-list\">\n<li>13,5 G\/sn Ba\u015flang\u0131\u00e7 \u200b\u200bOran\u0131<\/li>\n\n\n\n<li>33 G Maks.<\/li>\n\n\n\n<li>30 lt\/s \u2013 10 Bar Kuru Hava<\/li>\n\n\n\n<li>Veri Aktar\u0131m\u0131 i\u00e7in \u00c7ift Gigabit Ethernet<\/li>\n\n\n\n<li>6 x 10 amper G\u00fc\u00e7 Kayna\u011f\u0131<\/li>\n\n\n\n<li>6 Ayr\u0131k Sinyal<\/li>\n<\/ul>\n<\/div><\/div>\n<\/div><\/div>\n<\/div>\n\n\n\n<div class=\"wp-block-column is-layout-flow wp-block-column-is-layout-flow\">\n<div class=\"wp-block-group product-card\"><div class=\"wp-block-group__inner-container is-layout-constrained wp-block-group-is-layout-constrained\">\n<h3 class=\"wp-block-heading\"><strong>\u0130RT\u0130FA TEST ODASI<\/strong><\/h3>\n\n\n\n<div class=\"wp-block-group product-card-content\"><div class=\"wp-block-group__inner-container is-layout-constrained wp-block-group-is-layout-constrained\">\n<figure class=\"wp-block-image size-full is-resized\"><img loading=\"lazy\" decoding=\"async\" width=\"296\" height=\"222\" src=\"http:\/\/htmdesign.com.tr\/wp-content\/uploads\/2025\/02\/resim-14.png\" alt=\"\" class=\"wp-image-573\" srcset=\"https:\/\/htmdesign.com.tr\/wp-content\/uploads\/2025\/02\/resim-14.png 296w, https:\/\/htmdesign.com.tr\/wp-content\/uploads\/2025\/02\/resim-14-285x214.png 285w\" sizes=\"auto, (max-width: 296px) 100vw, 296px\" \/><\/figure>\n\n\n\n<ul class=\"wp-block-list\">\n<li>50.000 ft\/dk T\u0131rmanma H\u0131z\u0131<\/li>\n\n\n\n<li>100.000 ft\/dk Dal\u0131\u015f H\u0131z\u0131<\/li>\n\n\n\n<li>200.000 ft. Maksimum \u0130rtifa<\/li>\n\n\n\n<li>-70\/+85 \u2070C S\u0131cakl\u0131k Kontrol\u00fc<\/li>\n\n\n\n<li>3 Derece\/sn S\u0131cakl\u0131k De\u011fi\u015fim Oran\u0131<\/li>\n<\/ul>\n<\/div><\/div>\n<\/div><\/div>\n<\/div>\n<\/div>\n\n\n\n<div style=\"height:50px\" aria-hidden=\"true\" class=\"wp-block-spacer\"><\/div>\n\n\n\n<div class=\"wp-block-group product-card-horizontal\"><div class=\"wp-block-group__inner-container is-layout-constrained wp-block-group-is-layout-constrained\">\n<div class=\"wp-block-columns is-layout-flex wp-container-core-columns-is-layout-9d6595d7 wp-block-columns-is-layout-flex\">\n<div class=\"wp-block-column is-layout-flow wp-block-column-is-layout-flow\" style=\"flex-basis:33.33%\">\n<h3 class=\"wp-block-heading\"><strong>OKS\u0130JEN TEM\u0130ZL\u0130\u011e\u0130 ALTYAPISI<\/strong><\/h3>\n\n\n\n<ul class=\"wp-block-list\">\n<li>24,39 m<sup>2 <\/sup>toplam alan<\/li>\n\n\n\n<li>13,65 m<sup>2<\/sup> ISO 6 Temiz Oda<\/li>\n\n\n\n<li>3,7 m<sup>2<\/sup> ISO 6 Ge\u00e7i\u015f Odas\u0131 <\/li>\n\n\n\n<li>2,86 m<sup>2<\/sup> ISO 7 Ge\u00e7i\u015f Odas\u0131 <\/li>\n\n\n\n<li>4,18 m<sup>2<\/sup> ISO 8 Ge\u00e7i\u015f Odas\u0131 <\/li>\n\n\n\n<li>49 kW Havaland\u0131rma \u00dcnitesi<\/li>\n\n\n\n<li>1 kW ISO 5 Kontroll\u00fc Atmosfer Kabini (ULPA filtreli)<\/li>\n\n\n\n<li>Bresser Analyth LCD Mikroskop<\/li>\n<\/ul>\n<\/div>\n\n\n\n<div class=\"wp-block-column is-layout-flow wp-block-column-is-layout-flow\" style=\"flex-basis:66.66%\">\n<div class=\"wp-block-columns is-layout-flex wp-container-core-columns-is-layout-9d6595d7 wp-block-columns-is-layout-flex\">\n<div class=\"wp-block-column is-layout-flow wp-block-column-is-layout-flow\">\n<figure class=\"wp-block-image size-large\"><img loading=\"lazy\" decoding=\"async\" width=\"1024\" height=\"768\" src=\"http:\/\/htmdesign.com.tr\/wp-content\/uploads\/2025\/02\/IMG-20250206-WA0005-1024x768.jpg\" alt=\"\" class=\"wp-image-569\" srcset=\"https:\/\/htmdesign.com.tr\/wp-content\/uploads\/2025\/02\/IMG-20250206-WA0005-1024x768.jpg 1024w, https:\/\/htmdesign.com.tr\/wp-content\/uploads\/2025\/02\/IMG-20250206-WA0005-300x225.jpg 300w, https:\/\/htmdesign.com.tr\/wp-content\/uploads\/2025\/02\/IMG-20250206-WA0005-768x576.jpg 768w, https:\/\/htmdesign.com.tr\/wp-content\/uploads\/2025\/02\/IMG-20250206-WA0005-1536x1152.jpg 1536w, https:\/\/htmdesign.com.tr\/wp-content\/uploads\/2025\/02\/IMG-20250206-WA0005-380x285.jpg 380w, https:\/\/htmdesign.com.tr\/wp-content\/uploads\/2025\/02\/IMG-20250206-WA0005-285x214.jpg 285w, https:\/\/htmdesign.com.tr\/wp-content\/uploads\/2025\/02\/IMG-20250206-WA0005.jpg 1600w\" sizes=\"auto, (max-width: 1024px) 100vw, 1024px\" \/><\/figure>\n<\/div>\n\n\n\n<div class=\"wp-block-column is-layout-flow wp-block-column-is-layout-flow\">\n<figure class=\"wp-block-image size-large\"><img loading=\"lazy\" decoding=\"async\" width=\"1024\" height=\"768\" src=\"http:\/\/htmdesign.com.tr\/wp-content\/uploads\/2025\/02\/IMG-20250206-WA0007-1024x768.jpg\" alt=\"\" class=\"wp-image-571\" srcset=\"https:\/\/htmdesign.com.tr\/wp-content\/uploads\/2025\/02\/IMG-20250206-WA0007-1024x768.jpg 1024w, https:\/\/htmdesign.com.tr\/wp-content\/uploads\/2025\/02\/IMG-20250206-WA0007-300x225.jpg 300w, https:\/\/htmdesign.com.tr\/wp-content\/uploads\/2025\/02\/IMG-20250206-WA0007-768x576.jpg 768w, https:\/\/htmdesign.com.tr\/wp-content\/uploads\/2025\/02\/IMG-20250206-WA0007-1536x1152.jpg 1536w, https:\/\/htmdesign.com.tr\/wp-content\/uploads\/2025\/02\/IMG-20250206-WA0007-380x285.jpg 380w, https:\/\/htmdesign.com.tr\/wp-content\/uploads\/2025\/02\/IMG-20250206-WA0007-285x214.jpg 285w, https:\/\/htmdesign.com.tr\/wp-content\/uploads\/2025\/02\/IMG-20250206-WA0007.jpg 1600w\" sizes=\"auto, (max-width: 1024px) 100vw, 1024px\" \/><\/figure>\n<\/div>\n<\/div>\n<\/div>\n<\/div>\n<\/div><\/div>\n","protected":false},"excerpt":{"rendered":"<p>ALTYAPI G-SANTR\u0130F\u00dcJ \u0130RT\u0130FA TEST ODASI OKS\u0130JEN TEM\u0130ZL\u0130\u011e\u0130 ALTYAPISI<\/p>\n","protected":false},"author":1,"featured_media":0,"parent":0,"menu_order":0,"comment_status":"closed","ping_status":"closed","template":"","meta":{"footnotes":""},"class_list":["post-587","page","type-page","status-publish","hentry"],"_links":{"self":[{"href":"https:\/\/htmdesign.com.tr\/index.php?rest_route=\/wp\/v2\/pages\/587","targetHints":{"allow":["GET"]}}],"collection":[{"href":"https:\/\/htmdesign.com.tr\/index.php?rest_route=\/wp\/v2\/pages"}],"about":[{"href":"https:\/\/htmdesign.com.tr\/index.php?rest_route=\/wp\/v2\/types\/page"}],"author":[{"embeddable":true,"href":"https:\/\/htmdesign.com.tr\/index.php?rest_route=\/wp\/v2\/users\/1"}],"replies":[{"embeddable":true,"href":"https:\/\/htmdesign.com.tr\/index.php?rest_route=%2Fwp%2Fv2%2Fcomments&post=587"}],"version-history":[{"count":2,"href":"https:\/\/htmdesign.com.tr\/index.php?rest_route=\/wp\/v2\/pages\/587\/revisions"}],"predecessor-version":[{"id":592,"href":"https:\/\/htmdesign.com.tr\/index.php?rest_route=\/wp\/v2\/pages\/587\/revisions\/592"}],"wp:attachment":[{"href":"https:\/\/htmdesign.com.tr\/index.php?rest_route=%2Fwp%2Fv2%2Fmedia&parent=587"}],"curies":[{"name":"wp","href":"https:\/\/api.w.org\/{rel}","templated":true}]}}