{"id":581,"date":"2025-02-07T13:27:37","date_gmt":"2025-02-07T10:27:37","guid":{"rendered":"http:\/\/htmdesign.com.tr\/?page_id=581"},"modified":"2025-02-07T13:27:37","modified_gmt":"2025-02-07T10:27:37","slug":"pilot-ekipmanlari","status":"publish","type":"page","link":"https:\/\/htmdesign.com.tr\/?page_id=581","title":{"rendered":"Pilot Ekipmanlar\u0131"},"content":{"rendered":"\n<div style=\"height:30px\" aria-hidden=\"true\" class=\"wp-block-spacer\"><\/div>\n\n\n\n<div class=\"wp-block-columns is-layout-flex wp-container-core-columns-is-layout-9d6595d7 wp-block-columns-is-layout-flex\">\n<div class=\"wp-block-column is-layout-flow wp-block-column-is-layout-flow\">\n<div class=\"wp-block-group product-card\"><div class=\"wp-block-group__inner-container is-layout-constrained wp-block-group-is-layout-constrained\">\n<h3 class=\"wp-block-heading\"><strong><strong>BOYUN KORUMA C\u0130HAZI<\/strong><\/strong><\/h3>\n\n\n\n<div class=\"wp-block-group product-card-content\"><div class=\"wp-block-group__inner-container is-layout-constrained wp-block-group-is-layout-constrained\">\n<figure class=\"wp-block-image size-full\"><img loading=\"lazy\" decoding=\"async\" width=\"264\" height=\"352\" src=\"http:\/\/htmdesign.com.tr\/wp-content\/uploads\/2025\/02\/resim-7.png\" alt=\"\" class=\"wp-image-551\" srcset=\"https:\/\/htmdesign.com.tr\/wp-content\/uploads\/2025\/02\/resim-7.png 264w, https:\/\/htmdesign.com.tr\/wp-content\/uploads\/2025\/02\/resim-7-225x300.png 225w\" sizes=\"auto, (max-width: 264px) 100vw, 264px\" \/><\/figure>\n\n\n\n<figure class=\"wp-block-image size-full\"><img loading=\"lazy\" decoding=\"async\" width=\"307\" height=\"163\" src=\"http:\/\/htmdesign.com.tr\/wp-content\/uploads\/2025\/02\/resim-8.png\" alt=\"\" class=\"wp-image-552\" srcset=\"https:\/\/htmdesign.com.tr\/wp-content\/uploads\/2025\/02\/resim-8.png 307w, https:\/\/htmdesign.com.tr\/wp-content\/uploads\/2025\/02\/resim-8-300x159.png 300w\" sizes=\"auto, (max-width: 307px) 100vw, 307px\" \/><\/figure>\n\n\n\n<ul class=\"wp-block-list\">\n<li>Helikopter Titre\u015fimli Ortam\u0131 i\u00e7in Pilot Boyun Korumas\u0131<\/li>\n\n\n\n<li>Y\u00fcksek G ve F\u0131rlatma Senaryolar\u0131 i\u00e7in Pilot Boyun Korumas\u0131<\/li>\n<\/ul>\n<\/div><\/div>\n<\/div><\/div>\n<\/div>\n\n\n\n<div class=\"wp-block-column is-layout-flow wp-block-column-is-layout-flow\">\n<div class=\"wp-block-group product-card\"><div class=\"wp-block-group__inner-container is-layout-constrained wp-block-group-is-layout-constrained\">\n<h3 class=\"wp-block-heading\"><strong><strong>G KORUMA S\u0130STEM\u0130<\/strong><\/strong><\/h3>\n\n\n\n<div class=\"wp-block-group product-card-content\"><div class=\"wp-block-group__inner-container is-layout-constrained wp-block-group-is-layout-constrained\">\n<figure class=\"wp-block-image size-full\"><img loading=\"lazy\" decoding=\"async\" width=\"276\" height=\"248\" src=\"http:\/\/htmdesign.com.tr\/wp-content\/uploads\/2025\/02\/resim-9.png\" alt=\"\" class=\"wp-image-553\"\/><\/figure>\n\n\n\n<figure class=\"wp-block-image size-full\"><img loading=\"lazy\" decoding=\"async\" width=\"286\" height=\"237\" src=\"http:\/\/htmdesign.com.tr\/wp-content\/uploads\/2025\/02\/resim-10.png\" alt=\"\" class=\"wp-image-554\"\/><\/figure>\n\n\n\n<ul class=\"wp-block-list\">\n<li>G \u0130\u00e7in Pozitif Bas\u0131n\u00e7l\u0131 Solunum<\/li>\n\n\n\n<li>Anti-G Kost\u00fcm Kontrol\u00fc<\/li>\n\n\n\n<li>Yedek ve Acil Oksijen Sistemi<br><\/li>\n<\/ul>\n<\/div><\/div>\n<\/div><\/div>\n<\/div>\n<\/div>\n","protected":false},"excerpt":{"rendered":"<p>BOYUN KORUMA C\u0130HAZI G KORUMA S\u0130STEM\u0130<\/p>\n","protected":false},"author":1,"featured_media":0,"parent":0,"menu_order":0,"comment_status":"closed","ping_status":"closed","template":"","meta":{"footnotes":""},"class_list":["post-581","page","type-page","status-publish","hentry"],"_links":{"self":[{"href":"https:\/\/htmdesign.com.tr\/index.php?rest_route=\/wp\/v2\/pages\/581","targetHints":{"allow":["GET"]}}],"collection":[{"href":"https:\/\/htmdesign.com.tr\/index.php?rest_route=\/wp\/v2\/pages"}],"about":[{"href":"https:\/\/htmdesign.com.tr\/index.php?rest_route=\/wp\/v2\/types\/page"}],"author":[{"embeddable":true,"href":"https:\/\/htmdesign.com.tr\/index.php?rest_route=\/wp\/v2\/users\/1"}],"replies":[{"embeddable":true,"href":"https:\/\/htmdesign.com.tr\/index.php?rest_route=%2Fwp%2Fv2%2Fcomments&post=581"}],"version-history":[{"count":1,"href":"https:\/\/htmdesign.com.tr\/index.php?rest_route=\/wp\/v2\/pages\/581\/revisions"}],"predecessor-version":[{"id":582,"href":"https:\/\/htmdesign.com.tr\/index.php?rest_route=\/wp\/v2\/pages\/581\/revisions\/582"}],"wp:attachment":[{"href":"https:\/\/htmdesign.com.tr\/index.php?rest_route=%2Fwp%2Fv2%2Fmedia&parent=581"}],"curies":[{"name":"wp","href":"https:\/\/api.w.org\/{rel}","templated":true}]}}