{"id":565,"date":"2025-02-07T11:42:39","date_gmt":"2025-02-07T08:42:39","guid":{"rendered":"http:\/\/htmdesign.com.tr\/?page_id=565"},"modified":"2025-02-07T15:16:46","modified_gmt":"2025-02-07T12:16:46","slug":"akis-kontrol-valfleri","status":"publish","type":"page","link":"https:\/\/htmdesign.com.tr\/?page_id=565","title":{"rendered":"Ak\u0131\u015f Kontrol Valfleri"},"content":{"rendered":"\n<div style=\"height:30px\" aria-hidden=\"true\" class=\"wp-block-spacer\"><\/div>\n\n\n\n<div class=\"wp-block-columns is-layout-flex wp-container-core-columns-is-layout-9d6595d7 wp-block-columns-is-layout-flex\">\n<div class=\"wp-block-column is-layout-flow wp-block-column-is-layout-flow\">\n<div class=\"wp-block-group product-card\"><div class=\"wp-block-group__inner-container is-layout-constrained wp-block-group-is-layout-constrained\">\n<h3 class=\"wp-block-heading\"><strong><strong>YEDEKL\u0130 REG\u00dcLAT\u00d6RLER<\/strong><\/strong><\/h3>\n\n\n\n<div class=\"wp-block-group product-card-content\"><div class=\"wp-block-group__inner-container is-layout-constrained wp-block-group-is-layout-constrained\">\n<figure class=\"wp-block-image size-full is-style-default\"><img loading=\"lazy\" decoding=\"async\" width=\"266\" height=\"227\" src=\"http:\/\/htmdesign.com.tr\/wp-content\/uploads\/2025\/02\/resim.png\" alt=\"REDUNDANT REGULATORS\" class=\"wp-image-521\"\/><\/figure>\n\n\n\n<ul class=\"wp-block-list\">\n<li>Dahili Yedeklilik<\/li>\n\n\n\n<li>Bas\u0131n\u00e7 Kontrol\u00fcn\u00fc Ayarla<\/li>\n\n\n\n<li>10 psi \u2013 100 psi Kontrol Aral\u0131\u011f\u0131<\/li>\n\n\n\n<li>300 lpm Maksimum Ak\u0131\u015f<\/li>\n\n\n\n<li>Oksijen Uyumlu<\/li>\n<\/ul>\n<\/div><\/div>\n<\/div><\/div>\n<\/div>\n\n\n\n<div class=\"wp-block-column is-layout-flow wp-block-column-is-layout-flow\">\n<div class=\"wp-block-group product-card\"><div class=\"wp-block-group__inner-container is-layout-constrained wp-block-group-is-layout-constrained\">\n<h3 class=\"wp-block-heading\"><strong><strong>Y\u00dcKSEK BASIN\u00c7 REG\u00dcLAT\u00d6RLER\u0130<\/strong><\/strong><\/h3>\n\n\n\n<div class=\"wp-block-group product-card-content\"><div class=\"wp-block-group__inner-container is-layout-constrained wp-block-group-is-layout-constrained\">\n<figure class=\"wp-block-image size-full\"><img loading=\"lazy\" decoding=\"async\" width=\"188\" height=\"228\" src=\"http:\/\/htmdesign.com.tr\/wp-content\/uploads\/2025\/02\/resim-1.png\" alt=\"\" class=\"wp-image-525\"\/><\/figure>\n\n\n\n<ul class=\"wp-block-list\">\n<li>Bas\u0131n\u00e7 Azalt\u0131c\u0131 Talep Reg\u00fclat\u00f6r\u00fc<\/li>\n\n\n\n<li>125 Bara Kadar Bas\u0131n\u00e7<\/li>\n\n\n\n<li>300 lpm ak\u0131\u015f h\u0131z\u0131<\/li>\n\n\n\n<li>A\u00e7ma-Kapama fonksiyonu<\/li>\n\n\n\n<li>2 A\u015famal\u0131 Bas\u0131n\u00e7 \u0130zleme<\/li>\n<\/ul>\n<\/div><\/div>\n<\/div><\/div>\n<\/div>\n<\/div>\n\n\n\n<div style=\"height:50px\" aria-hidden=\"true\" class=\"wp-block-spacer\"><\/div>\n\n\n\n<div class=\"wp-block-group product-card-horizontal\"><div class=\"wp-block-group__inner-container is-layout-constrained wp-block-group-is-layout-constrained\">\n<h3 class=\"wp-block-heading\"><strong><strong>AKI\u015e SE\u00c7\u0130M VALF\u0130<\/strong><\/strong><\/h3>\n\n\n\n<div class=\"wp-block-columns is-layout-flex wp-container-core-columns-is-layout-9d6595d7 wp-block-columns-is-layout-flex\">\n<div class=\"wp-block-column is-layout-flow wp-block-column-is-layout-flow\">\n<ul class=\"wp-block-list\">\n<li>Solenoidle \u00c7al\u0131\u015fan Ar\u0131za Emniyeti<\/li>\n\n\n\n<li>2 giri\u015f -2 \u00e7\u0131k\u0131\u015f Se\u00e7imi<\/li>\n\n\n\n<li>100 psi&#8217;ye kadar<\/li>\n\n\n\n<li>H\u0131zl\u0131 yan\u0131t<\/li>\n\n\n\n<li>D\u00fc\u015f\u00fck G\u00fc\u00e7 T\u00fcketimi<\/li>\n\n\n\n<li>Oksijen Uyumlu<\/li>\n<\/ul>\n<\/div>\n\n\n\n<div class=\"wp-block-column is-layout-flow wp-block-column-is-layout-flow\">\n<figure class=\"wp-block-image size-full is-resized\"><img loading=\"lazy\" decoding=\"async\" width=\"365\" height=\"200\" src=\"http:\/\/htmdesign.com.tr\/wp-content\/uploads\/2025\/02\/resim-2.png\" alt=\"\" class=\"wp-image-526\" srcset=\"https:\/\/htmdesign.com.tr\/wp-content\/uploads\/2025\/02\/resim-2.png 365w, https:\/\/htmdesign.com.tr\/wp-content\/uploads\/2025\/02\/resim-2-300x164.png 300w\" sizes=\"auto, (max-width: 365px) 100vw, 365px\" \/><\/figure>\n<\/div>\n<\/div>\n<\/div><\/div>\n\n\n\n<div style=\"height:50px\" aria-hidden=\"true\" class=\"wp-block-spacer\"><\/div>\n\n\n\n<div class=\"wp-block-columns is-layout-flex wp-container-core-columns-is-layout-9d6595d7 wp-block-columns-is-layout-flex\">\n<div class=\"wp-block-column is-layout-flow wp-block-column-is-layout-flow\">\n<div class=\"wp-block-group product-card\"><div class=\"wp-block-group__inner-container is-layout-constrained wp-block-group-is-layout-constrained\">\n<h3 class=\"wp-block-heading\"><strong><strong><strong>\u0130K\u0130 Y\u00d6NL\u00dc HASSAS REG\u00dcLAT\u00d6RLER<\/strong><\/strong><\/strong><\/h3>\n\n\n\n<div class=\"wp-block-group product-card-content\"><div class=\"wp-block-group__inner-container is-layout-constrained wp-block-group-is-layout-constrained\">\n<figure class=\"wp-block-image size-full\"><img loading=\"lazy\" decoding=\"async\" width=\"150\" height=\"239\" src=\"http:\/\/htmdesign.com.tr\/wp-content\/uploads\/2025\/02\/resim-3.png\" alt=\"\" class=\"wp-image-527\"\/><\/figure>\n\n\n\n<ul class=\"wp-block-list\">\n<li>De\u011fi\u015fken Bas\u0131n\u00e7 Ayar\u0131<\/li>\n\n\n\n<li>Kanama Se\u00e7ene\u011fiyle Hassas Kontrol<\/li>\n\n\n\n<li>0-100 psi Kontrol, 300 lpm Ak\u0131\u015f<\/li>\n<\/ul>\n<\/div><\/div>\n<\/div><\/div>\n<\/div>\n\n\n\n<div class=\"wp-block-column is-layout-flow wp-block-column-is-layout-flow\">\n<div class=\"wp-block-group product-card\"><div class=\"wp-block-group__inner-container is-layout-constrained wp-block-group-is-layout-constrained\">\n<h3 class=\"wp-block-heading\"><strong><strong><strong><strong>BASIN\u00c7 AZALTICI KAPATMA VALF\u0130<\/strong><\/strong><\/strong><\/strong><\/h3>\n\n\n\n<div class=\"wp-block-group product-card-content\"><div class=\"wp-block-group__inner-container is-layout-constrained wp-block-group-is-layout-constrained\">\n<figure class=\"wp-block-image size-full\"><img loading=\"lazy\" decoding=\"async\" width=\"178\" height=\"209\" src=\"http:\/\/htmdesign.com.tr\/wp-content\/uploads\/2025\/02\/resim-6.png\" alt=\"\" class=\"wp-image-535\"\/><\/figure>\n\n\n\n<ul class=\"wp-block-list\">\n<li>50 Bara Kadar Bas\u0131n\u00e7<\/li>\n\n\n\n<li>600 lpm ak\u0131\u015f h\u0131z\u0131<\/li>\n\n\n\n<li>A\u00e7ma-Kapama fonksiyonu<\/li>\n\n\n\n<li>2 A\u015famal\u0131 Bas\u0131n\u00e7 \u0130zleme<\/li>\n\n\n\n<li>D\u00fc\u015f\u00fck G\u00fc\u00e7 T\u00fcketimi<\/li>\n<\/ul>\n<\/div><\/div>\n<\/div><\/div>\n<\/div>\n<\/div>\n\n\n\n<div style=\"height:50px\" aria-hidden=\"true\" class=\"wp-block-spacer\"><\/div>\n\n\n\n<div class=\"wp-block-columns is-layout-flex wp-container-core-columns-is-layout-9d6595d7 wp-block-columns-is-layout-flex\">\n<div class=\"wp-block-column is-layout-flow wp-block-column-is-layout-flow\">\n<div class=\"wp-block-group product-card\"><div class=\"wp-block-group__inner-container is-layout-constrained wp-block-group-is-layout-constrained\">\n<h3 class=\"wp-block-heading\"><strong><strong><strong><strong>AKI\u015e KISITLAMA KONTROL VALF\u0130<\/strong><\/strong><\/strong><\/strong><\/h3>\n\n\n\n<div class=\"wp-block-group product-card-content\"><div class=\"wp-block-group__inner-container is-layout-constrained wp-block-group-is-layout-constrained\">\n<figure class=\"wp-block-image size-full\"><img loading=\"lazy\" decoding=\"async\" width=\"257\" height=\"165\" src=\"http:\/\/htmdesign.com.tr\/wp-content\/uploads\/2025\/02\/resim-4.png\" alt=\"\" class=\"wp-image-529\"\/><\/figure>\n\n\n\n<ul class=\"wp-block-list\">\n<li>Da\u011f\u0131t\u0131m Sistemi Bile\u015feni<\/li>\n\n\n\n<li>Ak\u0131\u015f K\u0131s\u0131tlamas\u0131<\/li>\n\n\n\n<li>Geri Ak\u0131\u015f \u00d6nleme<\/li>\n\n\n\n<li>Yak\u0131t Uyumlu<\/li>\n\n\n\n<li>1000 psi&#8217;ye Kadar \u00c7al\u0131\u015fma Bas\u0131nc\u0131<\/li>\n\n\n\n<li>1 g\/s ila 12 g\/s Ak\u0131\u015f Kapasitesi<\/li>\n<\/ul>\n<\/div><\/div>\n<\/div><\/div>\n<\/div>\n\n\n\n<div class=\"wp-block-column is-layout-flow wp-block-column-is-layout-flow\">\n<div class=\"wp-block-group product-card\"><div class=\"wp-block-group__inner-container is-layout-constrained wp-block-group-is-layout-constrained\">\n<h3 class=\"wp-block-heading\"><strong><strong><strong><strong>Y\u00dcKSEK AKI\u015e REG\u00dcLAT\u00d6R\u00dc<\/strong><\/strong><\/strong><\/strong><\/h3>\n\n\n\n<div class=\"wp-block-group product-card-content\"><div class=\"wp-block-group__inner-container is-layout-constrained wp-block-group-is-layout-constrained\">\n<figure class=\"wp-block-image size-full\"><img loading=\"lazy\" decoding=\"async\" width=\"196\" height=\"161\" src=\"http:\/\/htmdesign.com.tr\/wp-content\/uploads\/2025\/02\/resim-5.png\" alt=\"\" class=\"wp-image-530\"\/><\/figure>\n\n\n\n<ul class=\"wp-block-list\">\n<li>Bas\u0131n\u00e7 Azalt\u0131c\u0131 Talep Reg\u00fclat\u00f6r\u00fc<\/li>\n\n\n\n<li>50 Bara Kadar Bas\u0131n\u00e7<\/li>\n\n\n\n<li>Y\u00fcksek Ak\u0131\u015f Kapasitesi<\/li>\n\n\n\n<li>Geni\u015f Kontrol Marj\u0131 i\u00e7in Basit Mekanizma<\/li>\n<\/ul>\n<\/div><\/div>\n<\/div><\/div>\n<\/div>\n<\/div>\n\n\n\n<div style=\"height:50px\" aria-hidden=\"true\" class=\"wp-block-spacer\"><\/div>\n","protected":false},"excerpt":{"rendered":"<p>YEDEKL\u0130 REG\u00dcLAT\u00d6RLER Y\u00dcKSEK BASIN\u00c7 REG\u00dcLAT\u00d6RLER\u0130 AKI\u015e SE\u00c7\u0130M VALF\u0130 \u0130K\u0130 Y\u00d6NL\u00dc HASSAS REG\u00dcLAT\u00d6RLER BASIN\u00c7 AZALTICI KAPATMA VALF\u0130 AKI\u015e KISITLAMA KONTROL VALF\u0130 Y\u00dcKSEK AKI\u015e REG\u00dcLAT\u00d6R\u00dc<\/p>\n","protected":false},"author":1,"featured_media":0,"parent":0,"menu_order":0,"comment_status":"closed","ping_status":"closed","template":"","meta":{"footnotes":""},"class_list":["post-565","page","type-page","status-publish","hentry"],"_links":{"self":[{"href":"https:\/\/htmdesign.com.tr\/index.php?rest_route=\/wp\/v2\/pages\/565","targetHints":{"allow":["GET"]}}],"collection":[{"href":"https:\/\/htmdesign.com.tr\/index.php?rest_route=\/wp\/v2\/pages"}],"about":[{"href":"https:\/\/htmdesign.com.tr\/index.php?rest_route=\/wp\/v2\/types\/page"}],"author":[{"embeddable":true,"href":"https:\/\/htmdesign.com.tr\/index.php?rest_route=\/wp\/v2\/users\/1"}],"replies":[{"embeddable":true,"href":"https:\/\/htmdesign.com.tr\/index.php?rest_route=%2Fwp%2Fv2%2Fcomments&post=565"}],"version-history":[{"count":3,"href":"https:\/\/htmdesign.com.tr\/index.php?rest_route=\/wp\/v2\/pages\/565\/revisions"}],"predecessor-version":[{"id":627,"href":"https:\/\/htmdesign.com.tr\/index.php?rest_route=\/wp\/v2\/pages\/565\/revisions\/627"}],"wp:attachment":[{"href":"https:\/\/htmdesign.com.tr\/index.php?rest_route=%2Fwp%2Fv2%2Fmedia&parent=565"}],"curies":[{"name":"wp","href":"https:\/\/api.w.org\/{rel}","templated":true}]}}